{"id":442,"date":"2021-02-16T17:39:44","date_gmt":"2021-02-16T17:39:44","guid":{"rendered":"http:\/\/vaultone.com\/?page_id=442"},"modified":"2025-08-18T18:44:30","modified_gmt":"2025-08-18T18:44:30","slug":"carreiras","status":"publish","type":"page","link":"https:\/\/vaultone.com\/pt-br\/carreiras\/","title":{"rendered":"Carreiras"},"content":{"rendered":"\t\t<div data-elementor-type=\"wp-page\" data-elementor-id=\"442\" class=\"elementor elementor-442 elementor-171\" data-elementor-settings=\"{&quot;ha_cmc_init_switcher&quot;:&quot;no&quot;}\" data-elementor-post-type=\"page\">\n\t\t\t\t\t\t<section class=\"elementor-section elementor-top-section elementor-element elementor-element-770e306 elementor-section-boxed elementor-section-height-default elementor-section-height-default\" data-id=\"770e306\" data-element_type=\"section\" data-settings=\"{&quot;background_background&quot;:&quot;classic&quot;,&quot;_ha_eqh_enable&quot;:false}\">\n\t\t\t\t\t\t\t<div class=\"elementor-background-overlay\"><\/div>\n\t\t\t\t\t\t\t<div class=\"elementor-container elementor-column-gap-default\">\n\t\t\t\t\t<div class=\"elementor-column elementor-col-33 elementor-top-column elementor-element elementor-element-b4530cb\" data-id=\"b4530cb\" data-element_type=\"column\" data-settings=\"{&quot;background_background&quot;:&quot;gradient&quot;}\">\n\t\t\t<div class=\"elementor-widget-wrap elementor-element-populated\">\n\t\t\t\t\t\t<div class=\"elementor-element elementor-element-b3ba54e elementor-widget elementor-widget-heading\" data-id=\"b3ba54e\" data-element_type=\"widget\" data-widget_type=\"heading.default\">\n\t\t\t\t<div class=\"elementor-widget-container\">\n\t\t\t\t\t<h1 class=\"elementor-heading-title elementor-size-default\">Trabalhe conosco<\/h1>\t\t\t\t<\/div>\n\t\t\t\t<\/div>\n\t\t\t\t<div class=\"elementor-element elementor-element-729200e elementor-widget elementor-widget-text-editor\" data-id=\"729200e\" data-element_type=\"widget\" data-widget_type=\"text-editor.default\">\n\t\t\t\t<div class=\"elementor-widget-container\">\n\t\t\t\t\t\t\t\t\t<p><span style=\"font-size: 17.6px;\">Alcance o seu maior potencial.<\/span><\/p>\t\t\t\t\t\t\t\t<\/div>\n\t\t\t\t<\/div>\n\t\t\t\t\t<\/div>\n\t\t<\/div>\n\t\t\t\t<div class=\"elementor-column elementor-col-33 elementor-top-column elementor-element elementor-element-941946a\" data-id=\"941946a\" data-element_type=\"column\" data-settings=\"{&quot;background_background&quot;:&quot;gradient&quot;}\">\n\t\t\t<div class=\"elementor-widget-wrap\">\n\t\t\t\t\t\t\t<\/div>\n\t\t<\/div>\n\t\t\t\t<div class=\"elementor-column elementor-col-33 elementor-top-column elementor-element elementor-element-bb5bbcb elementor-hidden-phone elementor-invisible\" data-id=\"bb5bbcb\" data-element_type=\"column\" data-settings=\"{&quot;animation&quot;:&quot;slideInRight&quot;}\">\n\t\t\t<div class=\"elementor-widget-wrap elementor-element-populated\">\n\t\t\t\t\t\t<div class=\"elementor-element elementor-element-3e95462 elementor-widget elementor-widget-image\" data-id=\"3e95462\" data-element_type=\"widget\" data-widget_type=\"image.default\">\n\t\t\t\t<div class=\"elementor-widget-container\">\n\t\t\t\t\t\t\t\t\t\t\t\t\t\t\t<img decoding=\"async\" src=\"https:\/\/vaultone.com\/wp-content\/uploads\/2021\/01\/About-us-VaultOne.png\" title=\"About-us-VaultOne\" alt=\"About-us-VaultOne\" loading=\"lazy\" \/>\t\t\t\t\t\t\t\t\t\t\t\t\t\t\t<\/div>\n\t\t\t\t<\/div>\n\t\t\t\t\t<\/div>\n\t\t<\/div>\n\t\t\t\t\t<\/div>\n\t\t<\/section>\n\t\t\t\t<section class=\"elementor-section elementor-top-section elementor-element elementor-element-9bd9e6c elementor-section-boxed elementor-section-height-default elementor-section-height-default\" data-id=\"9bd9e6c\" data-element_type=\"section\" data-settings=\"{&quot;_ha_eqh_enable&quot;:false}\">\n\t\t\t\t\t\t<div class=\"elementor-container elementor-column-gap-default\">\n\t\t\t\t\t<div class=\"elementor-column elementor-col-100 elementor-top-column elementor-element elementor-element-70131fb elementor-invisible\" data-id=\"70131fb\" data-element_type=\"column\" data-settings=\"{&quot;animation&quot;:&quot;slideInUp&quot;}\">\n\t\t\t<div class=\"elementor-widget-wrap elementor-element-populated\">\n\t\t\t\t\t\t<div class=\"elementor-element elementor-element-0280d29 elementor-widget elementor-widget-heading\" data-id=\"0280d29\" data-element_type=\"widget\" data-widget_type=\"heading.default\">\n\t\t\t\t<div class=\"elementor-widget-container\">\n\t\t\t\t\t<p class=\"elementor-heading-title elementor-size-default\">Junte-se a N\u00f3s<\/p>\t\t\t\t<\/div>\n\t\t\t\t<\/div>\n\t\t\t\t<div class=\"elementor-element elementor-element-0e8c78f elementor-widget elementor-widget-heading\" data-id=\"0e8c78f\" data-element_type=\"widget\" data-widget_type=\"heading.default\">\n\t\t\t\t<div class=\"elementor-widget-container\">\n\t\t\t\t\t<h2 class=\"elementor-heading-title elementor-size-default\">Encontre o seu caminho com a VaultOne<\/h2>\t\t\t\t<\/div>\n\t\t\t\t<\/div>\n\t\t\t\t<div class=\"elementor-element elementor-element-29c3f04 elementor-widget elementor-widget-text-editor\" data-id=\"29c3f04\" data-element_type=\"widget\" data-widget_type=\"text-editor.default\">\n\t\t\t\t<div class=\"elementor-widget-container\">\n\t\t\t\t\t\t\t\t\t<p>Uma carreira na VaultOne \u00e9 uma grande oportunidade de expandir os seus conhecimentos e as suas habilidades, e ainda trabalhar em uma \u00e1rea que est\u00e1 em pleno desenvolvimento e crescimento. A cultura e o ambiente de trabalho da nossa empresa estimulam a responsabilidade, o comprometimento, o respeito, a inova\u00e7\u00e3o e o trabalho em equipe. Portanto, se voc\u00ea est\u00e1 alinhado com os nossos princ\u00edpios, gosta de desafios e est\u00e1 aberto a novas oportunidades, seja bem-vindo \u00e0 VaultOne.<\/p>\t\t\t\t\t\t\t\t<\/div>\n\t\t\t\t<\/div>\n\t\t\t\t\t<\/div>\n\t\t<\/div>\n\t\t\t\t\t<\/div>\n\t\t<\/section>\n\t\t\t\t<section class=\"elementor-section elementor-top-section elementor-element elementor-element-56a1a05 elementor-section-stretched elementor-section-boxed elementor-section-height-default elementor-section-height-default\" data-id=\"56a1a05\" data-element_type=\"section\" data-settings=\"{&quot;stretch_section&quot;:&quot;section-stretched&quot;,&quot;background_background&quot;:&quot;classic&quot;,&quot;_ha_eqh_enable&quot;:false}\">\n\t\t\t\t\t\t<div class=\"elementor-container elementor-column-gap-default\">\n\t\t\t\t\t<div class=\"elementor-column elementor-col-100 elementor-top-column elementor-element elementor-element-26e0e87\" data-id=\"26e0e87\" data-element_type=\"column\">\n\t\t\t<div class=\"elementor-widget-wrap elementor-element-populated\">\n\t\t\t\t\t\t<section class=\"elementor-section elementor-inner-section elementor-element elementor-element-4da45e4 elementor-section-boxed elementor-section-height-default elementor-section-height-default\" data-id=\"4da45e4\" data-element_type=\"section\" data-settings=\"{&quot;_ha_eqh_enable&quot;:false}\">\n\t\t\t\t\t\t<div class=\"elementor-container elementor-column-gap-default\">\n\t\t\t\t\t<div class=\"elementor-column elementor-col-50 elementor-inner-column elementor-element elementor-element-5e8a33b elementor-invisible\" data-id=\"5e8a33b\" data-element_type=\"column\" data-settings=\"{&quot;animation&quot;:&quot;slideInUp&quot;}\">\n\t\t\t<div class=\"elementor-widget-wrap elementor-element-populated\">\n\t\t\t\t\t\t<div class=\"elementor-element elementor-element-8915f13 elementor-widget elementor-widget-heading\" data-id=\"8915f13\" data-element_type=\"widget\" data-widget_type=\"heading.default\">\n\t\t\t\t<div class=\"elementor-widget-container\">\n\t\t\t\t\t<p class=\"elementor-heading-title elementor-size-default\">V\u00e1 Al\u00e9m<\/p>\t\t\t\t<\/div>\n\t\t\t\t<\/div>\n\t\t\t\t<div class=\"elementor-element elementor-element-9569de8 elementor-widget elementor-widget-heading\" data-id=\"9569de8\" data-element_type=\"widget\" data-widget_type=\"heading.default\">\n\t\t\t\t<div class=\"elementor-widget-container\">\n\t\t\t\t\t<h2 class=\"elementor-heading-title elementor-size-default\">N\u00f3s atuamos para que os nossos colaboradores se sintam bem e felizes<\/h2>\t\t\t\t<\/div>\n\t\t\t\t<\/div>\n\t\t\t\t\t<\/div>\n\t\t<\/div>\n\t\t\t\t<div class=\"elementor-column elementor-col-50 elementor-inner-column elementor-element elementor-element-2f61926\" data-id=\"2f61926\" data-element_type=\"column\">\n\t\t\t<div class=\"elementor-widget-wrap\">\n\t\t\t\t\t\t\t<\/div>\n\t\t<\/div>\n\t\t\t\t\t<\/div>\n\t\t<\/section>\n\t\t\t\t<section class=\"elementor-section elementor-inner-section elementor-element elementor-element-f1210c3 elementor-section-boxed elementor-section-height-default elementor-section-height-default\" data-id=\"f1210c3\" data-element_type=\"section\" data-settings=\"{&quot;_ha_eqh_enable&quot;:false}\">\n\t\t\t\t\t\t<div class=\"elementor-container elementor-column-gap-default\">\n\t\t\t\t\t<div class=\"elementor-column elementor-col-33 elementor-inner-column elementor-element elementor-element-acf3545 elementor-invisible\" data-id=\"acf3545\" data-element_type=\"column\" data-settings=\"{&quot;animation&quot;:&quot;slideInUp&quot;}\">\n\t\t\t<div class=\"elementor-widget-wrap elementor-element-populated\">\n\t\t\t\t\t\t<div class=\"elementor-element elementor-element-d119011 elementor-widget elementor-widget-heading\" data-id=\"d119011\" data-element_type=\"widget\" data-widget_type=\"heading.default\">\n\t\t\t\t<div class=\"elementor-widget-container\">\n\t\t\t\t\t<h3 class=\"elementor-heading-title elementor-size-default\">N\u00f3s temos como foco as pessoas<\/h3>\t\t\t\t<\/div>\n\t\t\t\t<\/div>\n\t\t\t\t<div class=\"elementor-element elementor-element-e9a25d2 elementor-widget elementor-widget-text-editor\" data-id=\"e9a25d2\" data-element_type=\"widget\" data-widget_type=\"text-editor.default\">\n\t\t\t\t<div class=\"elementor-widget-container\">\n\t\t\t\t\t\t\t\t\t<p>Um dos principais pilares da VaultOne \u00e9 a nossa equipe. Acreditamos na constru\u00e7\u00e3o de um ambiente de trabalho colaborativo e de desenvolvimento. Ou seja, focamos nas pessoas e no bem-estar delas.<\/p>\t\t\t\t\t\t\t\t<\/div>\n\t\t\t\t<\/div>\n\t\t\t\t\t<\/div>\n\t\t<\/div>\n\t\t\t\t<div class=\"elementor-column elementor-col-33 elementor-inner-column elementor-element elementor-element-979d1f5\" data-id=\"979d1f5\" data-element_type=\"column\">\n\t\t\t<div class=\"elementor-widget-wrap\">\n\t\t\t\t\t\t\t<\/div>\n\t\t<\/div>\n\t\t\t\t<div class=\"elementor-column elementor-col-33 elementor-inner-column elementor-element elementor-element-6ba5642 elementor-invisible\" data-id=\"6ba5642\" data-element_type=\"column\" data-settings=\"{&quot;animation&quot;:&quot;slideInUp&quot;}\">\n\t\t\t<div class=\"elementor-widget-wrap elementor-element-populated\">\n\t\t\t\t\t\t<div class=\"elementor-element elementor-element-42b6b37 elementor-widget elementor-widget-heading\" data-id=\"42b6b37\" data-element_type=\"widget\" data-widget_type=\"heading.default\">\n\t\t\t\t<div class=\"elementor-widget-container\">\n\t\t\t\t\t<h3 class=\"elementor-heading-title elementor-size-default\">N\u00f3s empoderamos o nosso time<\/h3>\t\t\t\t<\/div>\n\t\t\t\t<\/div>\n\t\t\t\t<div class=\"elementor-element elementor-element-a14d891 elementor-widget elementor-widget-text-editor\" data-id=\"a14d891\" data-element_type=\"widget\" data-widget_type=\"text-editor.default\">\n\t\t\t\t<div class=\"elementor-widget-container\">\n\t\t\t\t\t\t\t\t\t<p>O sentimento de satisfa\u00e7\u00e3o \u00e9 outro pilar importante da VaultOne. N\u00f3s queremos que os funcion\u00e1rios e colaboradores se sintam bem, felizes e capazes de fazer a diferen\u00e7a por um mundo digital mais seguro.<\/p>\t\t\t\t\t\t\t\t<\/div>\n\t\t\t\t<\/div>\n\t\t\t\t\t<\/div>\n\t\t<\/div>\n\t\t\t\t\t<\/div>\n\t\t<\/section>\n\t\t\t\t<section class=\"elementor-section elementor-inner-section elementor-element elementor-element-36b9050 elementor-section-boxed elementor-section-height-default elementor-section-height-default\" data-id=\"36b9050\" data-element_type=\"section\" data-settings=\"{&quot;_ha_eqh_enable&quot;:false}\">\n\t\t\t\t\t\t<div class=\"elementor-container elementor-column-gap-default\">\n\t\t\t\t\t<div class=\"elementor-column elementor-col-33 elementor-inner-column elementor-element elementor-element-61ac222 elementor-invisible\" data-id=\"61ac222\" data-element_type=\"column\" data-settings=\"{&quot;animation&quot;:&quot;slideInUp&quot;}\">\n\t\t\t<div class=\"elementor-widget-wrap elementor-element-populated\">\n\t\t\t\t\t\t<div class=\"elementor-element elementor-element-37b81d2 elementor-invisible elementor-widget elementor-widget-image\" data-id=\"37b81d2\" data-element_type=\"widget\" data-settings=\"{&quot;_animation&quot;:&quot;slideInRight&quot;}\" data-widget_type=\"image.default\">\n\t\t\t\t<div class=\"elementor-widget-container\">\n\t\t\t\t\t\t\t\t\t\t\t\t\t\t\t<img fetchpriority=\"high\" decoding=\"async\" width=\"569\" height=\"619\" src=\"https:\/\/vaultone.com\/wp-content\/uploads\/2021\/01\/Company-profile.png\" class=\"attachment-full size-full wp-image-286\" alt=\"\" srcset=\"https:\/\/vaultone.com\/wp-content\/uploads\/2021\/01\/Company-profile.png 569w, https:\/\/vaultone.com\/wp-content\/uploads\/2021\/01\/Company-profile-276x300.png 276w\" sizes=\"(max-width: 569px) 100vw, 569px\" \/>\t\t\t\t\t\t\t\t\t\t\t\t\t\t\t<\/div>\n\t\t\t\t<\/div>\n\t\t\t\t\t<\/div>\n\t\t<\/div>\n\t\t\t\t<div class=\"elementor-column elementor-col-33 elementor-inner-column elementor-element elementor-element-b739e9a\" data-id=\"b739e9a\" data-element_type=\"column\">\n\t\t\t<div class=\"elementor-widget-wrap\">\n\t\t\t\t\t\t\t<\/div>\n\t\t<\/div>\n\t\t\t\t<div class=\"elementor-column elementor-col-33 elementor-inner-column elementor-element elementor-element-0e57e44 elementor-invisible\" data-id=\"0e57e44\" data-element_type=\"column\" data-settings=\"{&quot;animation&quot;:&quot;slideInUp&quot;}\">\n\t\t\t<div class=\"elementor-widget-wrap elementor-element-populated\">\n\t\t\t\t\t\t<div class=\"elementor-element elementor-element-e87ea1b elementor-widget elementor-widget-heading\" data-id=\"e87ea1b\" data-element_type=\"widget\" data-widget_type=\"heading.default\">\n\t\t\t\t<div class=\"elementor-widget-container\">\n\t\t\t\t\t<h3 class=\"elementor-heading-title elementor-size-default\">Queremos desenvolver todo o seu potencial<\/h3>\t\t\t\t<\/div>\n\t\t\t\t<\/div>\n\t\t\t\t<div class=\"elementor-element elementor-element-09f5d2d elementor-widget elementor-widget-text-editor\" data-id=\"09f5d2d\" data-element_type=\"widget\" data-widget_type=\"text-editor.default\">\n\t\t\t\t<div class=\"elementor-widget-container\">\n\t\t\t\t\t\t\t\t\t<p>Na VaultOne, a nossa equipe \u00e9 sempre estimulada a aprender mais e mais, j\u00e1 que o conhecimento \u00e9 a base do desenvolvimento pessoal e tamb\u00e9m profissional.<\/p>\t\t\t\t\t\t\t\t<\/div>\n\t\t\t\t<\/div>\n\t\t\t\t\t<\/div>\n\t\t<\/div>\n\t\t\t\t\t<\/div>\n\t\t<\/section>\n\t\t\t\t\t<\/div>\n\t\t<\/div>\n\t\t\t\t\t<\/div>\n\t\t<\/section>\n\t\t\t\t<section class=\"elementor-section elementor-top-section elementor-element elementor-element-90f3081 elementor-hidden-desktop elementor-hidden-tablet elementor-hidden-mobile elementor-section-boxed elementor-section-height-default elementor-section-height-default\" data-id=\"90f3081\" data-element_type=\"section\" data-settings=\"{&quot;background_background&quot;:&quot;classic&quot;,&quot;_ha_eqh_enable&quot;:false}\">\n\t\t\t\t\t\t<div class=\"elementor-container elementor-column-gap-default\">\n\t\t\t\t\t<div class=\"elementor-column elementor-col-100 elementor-top-column elementor-element elementor-element-19e8c7a\" data-id=\"19e8c7a\" data-element_type=\"column\">\n\t\t\t<div class=\"elementor-widget-wrap elementor-element-populated\">\n\t\t\t\t\t\t<section class=\"elementor-section elementor-inner-section elementor-element elementor-element-8c497e3 elementor-section-boxed elementor-section-height-default elementor-section-height-default\" data-id=\"8c497e3\" data-element_type=\"section\" data-settings=\"{&quot;_ha_eqh_enable&quot;:false}\">\n\t\t\t\t\t\t<div class=\"elementor-container elementor-column-gap-default\">\n\t\t\t\t\t<div class=\"elementor-column elementor-col-50 elementor-inner-column elementor-element elementor-element-359e326 elementor-invisible\" data-id=\"359e326\" data-element_type=\"column\" data-settings=\"{&quot;animation&quot;:&quot;slideInUp&quot;}\">\n\t\t\t<div class=\"elementor-widget-wrap elementor-element-populated\">\n\t\t\t\t\t\t<div class=\"elementor-element elementor-element-8c3c866 elementor-widget elementor-widget-heading\" data-id=\"8c3c866\" data-element_type=\"widget\" data-widget_type=\"heading.default\">\n\t\t\t\t<div class=\"elementor-widget-container\">\n\t\t\t\t\t<p class=\"elementor-heading-title elementor-size-default\">Habilidades<\/p>\t\t\t\t<\/div>\n\t\t\t\t<\/div>\n\t\t\t\t<div class=\"elementor-element elementor-element-a612ae3 elementor-widget elementor-widget-heading\" data-id=\"a612ae3\" data-element_type=\"widget\" data-widget_type=\"heading.default\">\n\t\t\t\t<div class=\"elementor-widget-container\">\n\t\t\t\t\t<h2 class=\"elementor-heading-title elementor-size-default\">Vagas abertas<\/h2>\t\t\t\t<\/div>\n\t\t\t\t<\/div>\n\t\t\t\t\t<\/div>\n\t\t<\/div>\n\t\t\t\t<div class=\"elementor-column elementor-col-50 elementor-inner-column elementor-element elementor-element-3000623\" data-id=\"3000623\" data-element_type=\"column\">\n\t\t\t<div class=\"elementor-widget-wrap\">\n\t\t\t\t\t\t\t<\/div>\n\t\t<\/div>\n\t\t\t\t\t<\/div>\n\t\t<\/section>\n\t\t\t\t<section class=\"elementor-section elementor-inner-section elementor-element elementor-element-52644bd elementor-section-boxed elementor-section-height-default elementor-section-height-default elementor-invisible\" data-id=\"52644bd\" data-element_type=\"section\" data-settings=\"{&quot;animation&quot;:&quot;slideInUp&quot;,&quot;_ha_eqh_enable&quot;:false}\">\n\t\t\t\t\t\t<div class=\"elementor-container elementor-column-gap-default\">\n\t\t\t\t\t<div class=\"elementor-column elementor-col-100 elementor-inner-column elementor-element elementor-element-d4560f1\" data-id=\"d4560f1\" data-element_type=\"column\">\n\t\t\t<div class=\"elementor-widget-wrap elementor-element-populated\">\n\t\t\t\t\t\t<div class=\"elementor-element elementor-element-086c765 elementor-tabs-view-horizontal elementor-widget elementor-widget-tabs\" data-id=\"086c765\" data-element_type=\"widget\" data-widget_type=\"tabs.default\">\n\t\t\t\t<div class=\"elementor-widget-container\">\n\t\t\t\t\t\t\t<div class=\"elementor-tabs\">\n\t\t\t<div class=\"elementor-tabs-wrapper\" role=\"tablist\" >\n\t\t\t\t\t\t\t\t\t<div id=\"elementor-tab-title-8831\" class=\"elementor-tab-title elementor-tab-desktop-title\" aria-selected=\"true\" data-tab=\"1\" role=\"tab\" tabindex=\"0\" aria-controls=\"elementor-tab-content-8831\" aria-expanded=\"false\">1. Go (Golang) Developer<\/div>\n\t\t\t\t\t\t\t\t\t<div id=\"elementor-tab-title-8832\" class=\"elementor-tab-title elementor-tab-desktop-title\" aria-selected=\"false\" data-tab=\"2\" role=\"tab\" tabindex=\"-1\" aria-controls=\"elementor-tab-content-8832\" aria-expanded=\"false\">2. Information Security Analyst<\/div>\n\t\t\t\t\t\t\t<\/div>\n\t\t\t<div class=\"elementor-tabs-content-wrapper\" role=\"tablist\" aria-orientation=\"vertical\">\n\t\t\t\t\t\t\t\t\t<div class=\"elementor-tab-title elementor-tab-mobile-title\" aria-selected=\"true\" data-tab=\"1\" role=\"tab\" tabindex=\"0\" aria-controls=\"elementor-tab-content-8831\" aria-expanded=\"false\">1. Go (Golang) Developer<\/div>\n\t\t\t\t\t<div id=\"elementor-tab-content-8831\" class=\"elementor-tab-content elementor-clearfix\" data-tab=\"1\" role=\"tabpanel\" aria-labelledby=\"elementor-tab-title-8831\" tabindex=\"0\" hidden=\"false\"><p><strong>RESPONSABILIDADES<\/strong><\/p><p>\u2022 Desenvolver principalmente em Golang.<br \/>\u2022 Escrever c\u00f3digo para desenvolver novos aplicativos e solu\u00e7\u00f5es.<br \/>\u2022 Analisar dados e c\u00f3digos para melhorias.<br \/>\u2022 Otimizar aplicativos e bancos de dados para alto desempenho.<br \/>\u2022 Colaborar com a equipe para melhorar a usabilidade.<\/p><p><strong>HABILIDADES NECESS\u00c1RIAS<\/strong><\/p><p>\u2022 Experi\u00eancia Golang.<br \/>\u2022 Experi\u00eancia em design e desenvolvimento de API RESTful.<br \/>\u2022 Experi\u00eancia com m\u00faltiplos bancos de dados.<br \/>\u2022 Experi\u00eancia na constru\u00e7\u00e3o, manuten\u00e7\u00e3o e monitoramento de aplicativos e solu\u00e7\u00f5es.<br \/>\u2022 Experi\u00eancia em nuvem (n\u00e3o necess\u00e1ria).<br \/>\u2022 Arquitetura de microsservi\u00e7o (n\u00e3o necess\u00e1ria).<\/p><p><strong>ONDE<\/strong><\/p><p>A escolha \u00e9 sua: trabalho remoto ou no nosso escrit\u00f3rio, em Curitiba (Brasil).<\/p><p><strong>FICOU INTERESSADO?<\/strong><\/p><p>Por favor, inscreva-se abaixo com o seu curr\u00edculo ou envie-nos um e-mail (contact@vaultone.com).<\/p><\/div>\n\t\t\t\t\t\t\t\t\t<div class=\"elementor-tab-title elementor-tab-mobile-title\" aria-selected=\"false\" data-tab=\"2\" role=\"tab\" tabindex=\"-1\" aria-controls=\"elementor-tab-content-8832\" aria-expanded=\"false\">2. Information Security Analyst<\/div>\n\t\t\t\t\t<div id=\"elementor-tab-content-8832\" class=\"elementor-tab-content elementor-clearfix\" data-tab=\"2\" role=\"tabpanel\" aria-labelledby=\"elementor-tab-title-8832\" tabindex=\"0\" hidden=\"hidden\"><p><strong>RESPONSABILIDADES<\/strong><\/p><p>\u2022 Rastrear e gerenciar riscos de seguran\u00e7a e privacidade.<br \/>\u2022 Propor novos padr\u00f5es, ferramentas, pol\u00edticas e procedimentos de seguran\u00e7a.<br \/>\u2022 Identificar, avaliar, medir e monitorar a seguran\u00e7a da informa\u00e7\u00e3o.<br \/>\u2022 Desenvolver, documentar, manter e oferecer suporte ao programa global de gerenciamento de riscos e privacidade.<\/p><p><strong>HABILIDADES NECESS\u00c1RIAS<\/strong><\/p><p>\u2022 Experi\u00eancia em gerenciamento de projetos \u00e1geis.<br \/>\u2022 Conhecimento das estruturas de seguran\u00e7a da informa\u00e7\u00e3o, riscos e privacidade.<br \/>\u2022 Certifica\u00e7\u00e3o em seguran\u00e7a e tecnologia da informa\u00e7\u00e3o.<br \/>\u2022 Habilidades anal\u00edticas e de solu\u00e7\u00e3o de problemas.<br \/>\u2022 Conhecimentos pr\u00e1ticos de Linux.<\/p><p><strong>ONDE<\/strong><\/p><p>A escolha \u00e9 sua: trabalho remoto ou no nosso escrit\u00f3rio, em Curitiba (Brasil).<\/p><p><strong>FICOU INTERESSADO?<\/strong><\/p><p>Por favor, inscreva-se abaixo com o seu curr\u00edculo ou envie-nos um e-mail (contact@vaultone.com).<\/p><\/div>\n\t\t\t\t\t\t\t<\/div>\n\t\t<\/div>\n\t\t\t\t\t\t<\/div>\n\t\t\t\t<\/div>\n\t\t\t\t\t<\/div>\n\t\t<\/div>\n\t\t\t\t\t<\/div>\n\t\t<\/section>\n\t\t\t\t\t<\/div>\n\t\t<\/div>\n\t\t\t\t\t<\/div>\n\t\t<\/section>\n\t\t\t\t<\/div>\n\t\t","protected":false},"excerpt":{"rendered":"<p>Trabalhe conosco Alcance o seu maior potencial. Junte-se a N\u00f3s Encontre o seu caminho com a VaultOne Uma carreira na VaultOne \u00e9 uma grande oportunidade de expandir os seus conhecimentos e as suas habilidades, e ainda trabalhar em uma \u00e1rea que est\u00e1 em pleno desenvolvimento e crescimento. A cultura e o ambiente de trabalho da [&hellip;]<\/p>\n","protected":false},"author":1,"featured_media":0,"parent":0,"menu_order":0,"comment_status":"closed","ping_status":"closed","template":"","meta":{"footnotes":""},"class_list":["post-442","page","type-page","status-publish","hentry"],"_links":{"self":[{"href":"https:\/\/vaultone.com\/pt-br\/wp-json\/wp\/v2\/pages\/442","targetHints":{"allow":["GET"]}}],"collection":[{"href":"https:\/\/vaultone.com\/pt-br\/wp-json\/wp\/v2\/pages"}],"about":[{"href":"https:\/\/vaultone.com\/pt-br\/wp-json\/wp\/v2\/types\/page"}],"author":[{"embeddable":true,"href":"https:\/\/vaultone.com\/pt-br\/wp-json\/wp\/v2\/users\/1"}],"replies":[{"embeddable":true,"href":"https:\/\/vaultone.com\/pt-br\/wp-json\/wp\/v2\/comments?post=442"}],"version-history":[{"count":0,"href":"https:\/\/vaultone.com\/pt-br\/wp-json\/wp\/v2\/pages\/442\/revisions"}],"wp:attachment":[{"href":"https:\/\/vaultone.com\/pt-br\/wp-json\/wp\/v2\/media?parent=442"}],"curies":[{"name":"wp","href":"https:\/\/api.w.org\/{rel}","templated":true}]}}