{"id":1582,"date":"2023-08-22T18:10:37","date_gmt":"2023-08-22T18:10:37","guid":{"rendered":"https:\/\/vaultone.com\/?page_id=1582"},"modified":"2023-08-22T18:14:20","modified_gmt":"2023-08-22T18:14:20","slug":"campanhas-ativas-vaultone","status":"publish","type":"page","link":"https:\/\/vaultone.com\/pt-br\/campanhas-ativas-vaultone\/","title":{"rendered":""},"content":{"rendered":"\t\t<div data-elementor-type=\"wp-page\" data-elementor-id=\"1582\" class=\"elementor elementor-1582\" data-elementor-settings=\"{&quot;ha_cmc_init_switcher&quot;:&quot;no&quot;}\" data-elementor-post-type=\"page\">\n\t\t\t\t\t\t<section class=\"elementor-section elementor-top-section elementor-element elementor-element-2e44a7a elementor-section-boxed elementor-section-height-default elementor-section-height-default\" data-id=\"2e44a7a\" data-element_type=\"section\" data-settings=\"{&quot;background_background&quot;:&quot;classic&quot;,&quot;_ha_eqh_enable&quot;:false}\">\n\t\t\t\t\t\t\t<div class=\"elementor-background-overlay\"><\/div>\n\t\t\t\t\t\t\t<div class=\"elementor-container elementor-column-gap-default\">\n\t\t\t\t\t<div class=\"elementor-column elementor-col-100 elementor-top-column elementor-element elementor-element-7b232d3\" data-id=\"7b232d3\" data-element_type=\"column\" data-settings=\"{&quot;background_background&quot;:&quot;gradient&quot;}\">\n\t\t\t<div class=\"elementor-widget-wrap elementor-element-populated\">\n\t\t\t\t\t\t<div class=\"elementor-element elementor-element-19bde15 elementor-widget elementor-widget-heading\" data-id=\"19bde15\" data-element_type=\"widget\" data-widget_type=\"heading.default\">\n\t\t\t\t<div class=\"elementor-widget-container\">\n\t\t\t\t\t<h1 class=\"elementor-heading-title elementor-size-default\">Campanhas de Vendas<\/h1>\t\t\t\t<\/div>\n\t\t\t\t<\/div>\n\t\t\t\t\t<\/div>\n\t\t<\/div>\n\t\t\t\t\t<\/div>\n\t\t<\/section>\n\t\t\t\t<section class=\"elementor-section elementor-top-section elementor-element elementor-element-5f5e3f8 elementor-section-boxed elementor-section-height-default elementor-section-height-default\" data-id=\"5f5e3f8\" data-element_type=\"section\" data-settings=\"{&quot;_ha_eqh_enable&quot;:false}\">\n\t\t\t\t\t\t<div class=\"elementor-container elementor-column-gap-default\">\n\t\t\t\t\t<div class=\"elementor-column elementor-col-100 elementor-top-column elementor-element elementor-element-8efce47 elementor-invisible\" data-id=\"8efce47\" data-element_type=\"column\" data-settings=\"{&quot;animation&quot;:&quot;slideInUp&quot;}\">\n\t\t\t<div class=\"elementor-widget-wrap elementor-element-populated\">\n\t\t\t\t\t\t<div class=\"elementor-element elementor-element-5fe35d7 elementor-widget elementor-widget-heading\" data-id=\"5fe35d7\" data-element_type=\"widget\" data-widget_type=\"heading.default\">\n\t\t\t\t<div class=\"elementor-widget-container\">\n\t\t\t\t\t<h2 class=\"elementor-heading-title elementor-size-default\">VENDA PREMIADA Q3\/23<\/h2>\t\t\t\t<\/div>\n\t\t\t\t<\/div>\n\t\t\t\t<div class=\"elementor-element elementor-element-56e8500 elementor-widget elementor-widget-text-editor\" data-id=\"56e8500\" data-element_type=\"widget\" data-widget_type=\"text-editor.default\">\n\t\t\t\t<div class=\"elementor-widget-container\">\n\t\t\t\t\t\t\t\t\t<p><b>QUANTO MAIS VOC\u00ca VENDE, MAIS GANHA<\/b><\/p><p><b>Regulamento<\/b>: A cada pedido colocado e faturado na VaultOne, no per\u00edodo de <b>15\/08\/2023 a 30\/09\/2023<\/b>, os parceiros <u>MSP Tier 1<\/u> ganham bonifica\u00e7\u00f5es a cada venda, sendo:<\/p><ol><li><span style=\"font-size: 1.1em;\"><span style=\"font-size: 19.360001px;\">Licen\u00e7a WEB: R$ 0,50 por licen\u00e7a<\/span><br \/><\/span><\/li><li><span style=\"font-size: 1.1em;\">Licen\u00e7a Business: R$ 1,00 por licen\u00e7a<\/span><\/li><li><span style=\"font-size: 1.1em;\">Licen\u00e7a Enterprise: R$ 3,00 por licen\u00e7a<\/span><\/li><\/ol><p>O pagamento da premia\u00e7\u00e3o ser\u00e1 realizado via cart\u00e3o de pr\u00eamio, em at\u00e9 30 dias ap\u00f3s o fechamento do quarter.<\/p><p><span style=\"font-size: 1.1em;\">O valor do benef\u00edcio ser\u00e1 considerado mediante envio e dados da P.O.<\/span><\/p><p><span style=\"font-size: 1.1em;\">O vendedor deve estar certificado com a certifica\u00e7\u00e3o Vaultone Sales Professional at\u00e9 o final da campanha, e a P.O. deve estar preenchida corretamente, e com os dados do vendedor (nome completo e e-mail) que realizou a venda. Caso o vendedor n\u00e3o esteja devidamente indicado, a P.O. ser\u00e1 desconsiderada no momento da avalia\u00e7\u00e3o.<\/span><\/p>\t\t\t\t\t\t\t\t<\/div>\n\t\t\t\t<\/div>\n\t\t\t\t\t<\/div>\n\t\t<\/div>\n\t\t\t\t\t<\/div>\n\t\t<\/section>\n\t\t\t\t<\/div>\n\t\t","protected":false},"excerpt":{"rendered":"<p>Campanhas de Vendas VENDA PREMIADA Q3\/23 QUANTO MAIS VOC\u00ca VENDE, MAIS GANHA Regulamento: A cada pedido colocado e faturado na VaultOne, no per\u00edodo de 15\/08\/2023 a 30\/09\/2023, os parceiros MSP Tier 1 ganham bonifica\u00e7\u00f5es a cada venda, sendo: Licen\u00e7a WEB: R$ 0,50 por licen\u00e7a Licen\u00e7a Business: R$ 1,00 por licen\u00e7a Licen\u00e7a Enterprise: R$ 3,00 por [&hellip;]<\/p>\n","protected":false},"author":1,"featured_media":0,"parent":0,"menu_order":0,"comment_status":"closed","ping_status":"closed","template":"","meta":{"footnotes":""},"class_list":["post-1582","page","type-page","status-publish","hentry"],"_links":{"self":[{"href":"https:\/\/vaultone.com\/pt-br\/wp-json\/wp\/v2\/pages\/1582","targetHints":{"allow":["GET"]}}],"collection":[{"href":"https:\/\/vaultone.com\/pt-br\/wp-json\/wp\/v2\/pages"}],"about":[{"href":"https:\/\/vaultone.com\/pt-br\/wp-json\/wp\/v2\/types\/page"}],"author":[{"embeddable":true,"href":"https:\/\/vaultone.com\/pt-br\/wp-json\/wp\/v2\/users\/1"}],"replies":[{"embeddable":true,"href":"https:\/\/vaultone.com\/pt-br\/wp-json\/wp\/v2\/comments?post=1582"}],"version-history":[{"count":0,"href":"https:\/\/vaultone.com\/pt-br\/wp-json\/wp\/v2\/pages\/1582\/revisions"}],"wp:attachment":[{"href":"https:\/\/vaultone.com\/pt-br\/wp-json\/wp\/v2\/media?parent=1582"}],"curies":[{"name":"wp","href":"https:\/\/api.w.org\/{rel}","templated":true}]}}